{"id":79,"date":"2015-11-27T07:58:22","date_gmt":"2015-11-27T07:58:22","guid":{"rendered":"http:\/\/demos.artbees.net\/jupiter5\/transportation\/?page_id=79"},"modified":"2019-08-21T15:30:11","modified_gmt":"2019-08-21T15:30:11","slug":"broker","status":"publish","type":"page","link":"https:\/\/llincorp.com\/es\/broker\/","title":{"rendered":"Broker"},"content":{"rendered":"[vc_row animation=\u00bbbottom-to-top\u00bb css=\u00bb.vc_custom_1452158192859{padding-top: 140px !important;padding-bottom: 10px !important;padding-left: 5px !important;background-image: url(http:\/\/demos.artbees.net\/jupiter5\/helike\/wp-content\/uploads\/sites\/72\/2015\/11\/about-us-bg.jpg?id=270) !important;background-position: center !important;background-repeat: no-repeat !important;background-size: cover !important;}\u00bb][vc_column][mk_title_box color=\u00bb#420101&#8243; highlight_color=\u00bb#ffffff\u00bb highlight_opacity=\u00bb1&#8243; size=\u00bb60&#8243; font_weight=\u00bb300&#8243; letter_spacing=\u00bb2&#8243; font_family=\u00bbnone\u00bb animation=\u00bbbottom-to-top\u00bb]Broker[\/mk_title_box][\/vc_column][\/vc_row][vc_row][vc_column][mk_padding_divider size=\u00bb55&#8243;][mk_divider style=\u00bbthin_solid\u00bb divider_width=\u00bbcustom_width\u00bb custom_width=\u00bb34&#8243; align=\u00bbleft\u00bb thin_single_color=\u00bb#096eae\u00bb thickness=\u00bb4&#8243; margin_top=\u00bb0&#8243;][vc_column_text]Llincorp es una firma privada establecida en Florida, Estado Unidos, dedicada a la gesti\u00f3n y asesoramiento de la comercializaci\u00f3n de activos industriales no estrat\u00e9gicos u obsoletos en procesos de desinversi\u00f3n corporativa. Actualmente nuestros servicios est\u00e1n dirigidos a la regi\u00f3n del Caribe, con vista a expandirnos hacia las regiones de Centro Am\u00e9rica y pa\u00edses del Norte de Sur Am\u00e9rica.[\/vc_column_text][mk_padding_divider size=\u00bb30&#8243;][\/vc_column][\/vc_row][vc_row css=\u00bb.vc_custom_1452157965979{background-image: url(http:\/\/demos.artbees.net\/jupiter5\/helike\/wp-content\/uploads\/sites\/72\/2015\/11\/why-we-offer-bg.jpg?id=256) !important;background-position: center !important;background-repeat: no-repeat !important;background-size: cover !important;}\u00bb][vc_column][mk_padding_divider size=\u00bb73&#8243;][mk_fancy_title size=\u00bb31&#8243; font_weight=\u00bb300&#8243; txt_transform=\u00bbuppercase\u00bb letter_spacing=\u00bb2&#8243; margin_bottom=\u00bb0&#8243; font_family=\u00bbnone\u00bb align=\u00bbcenter\u00bb]\u00bfPor qu\u00e9 elegirnos?[\/mk_fancy_title][mk_divider style=\u00bbthin_solid\u00bb divider_width=\u00bbcustom_width\u00bb custom_width=\u00bb34&#8243; thin_single_color=\u00bb#096eae\u00bb thickness=\u00bb4&#8243; margin_top=\u00bb0&#8243; margin_bottom=\u00bb60&#8243;][vc_row_inner is_fullwidth_content=\u00bbfalse\u00bb][vc_column_inner width=\u00bb1\/3&#8243;][mk_padding_divider size=\u00bb30&#8243;][mk_fancy_title size=\u00bb22&#8243; txt_transform=\u00bbuppercase\u00bb font_family=\u00bbnone\u00bb align=\u00bbcenter\u00bb]Nuestros Servicios[\/mk_fancy_title][vc_column_text align=\u00bbcenter\u00bb]\n<p style=\"text-align: left;\">D\u00eda tras d\u00eda, grandes corporaciones deciden cerrar sus plantas de producci\u00f3n y cesar sus operaciones debido a procesos de restructuraci\u00f3n, desinversiones, cambio de tecnolog\u00eda obsoleta o, en el peor de los casos, bancarrota. Colaboramos con nuestros clientes en busca de aumentar las oportunidades de comercializaci\u00f3n de sus activos industriales, manejando desde la planeaci\u00f3n del proceso y cierre de la operaci\u00f3n hasta el desmantelamiento o desmovilizaci\u00f3n de los activos comercializados.<\/p>\n[\/vc_column_text][mk_padding_divider size=\u00bb30&#8243;][\/vc_column_inner][vc_column_inner width=\u00bb1\/3&#8243;][mk_padding_divider size=\u00bb30&#8243;][mk_fancy_title size=\u00bb22&#8243; txt_transform=\u00bbuppercase\u00bb font_family=\u00bbnone\u00bb align=\u00bbcenter\u00bb]Presencia Global[\/mk_fancy_title][vc_column_text]Nuestra red de contacto est\u00e1 presente en 5 continentes. Esto nos permite presentar los equipamientos y activos en venta al mercado global, y acelerar el proceso de venta de los mismos.<\/p>\n<p><strong>Ofrecemos nuestros servicios a:<\/strong><br \/>\nCorporaciones Industriales<br \/>\nEntidades financieras<br \/>\nFondos de inversiones<br \/>\nEmpresas de subastas activos industriales<br \/>\nDealers de equipos industriales de segunda mano[\/vc_column_text][mk_padding_divider size=\u00bb30&#8243;][\/vc_column_inner][vc_column_inner width=\u00bb1\/3&#8243;][mk_padding_divider size=\u00bb30&#8243;][mk_fancy_title size=\u00bb22&#8243; txt_transform=\u00bbuppercase\u00bb font_family=\u00bbnone\u00bb align=\u00bbcenter\u00bb]Log\u00edstica[\/mk_fancy_title][vc_column_text align=\u00bbcenter\u00bb]\n<p style=\"text-align: left;\">En nuestra empresa aprovechamos los conocimientos y experiencia de nuestros colaboradores para ofrecer un abanico de opciones en log\u00edstica, itinerarios y tarifas disponibles en los siguientes renglones: Transporte terrestre, A\u00e9reo, Mar\u00edtimo, almacenajes, servicios aduanales, etc.<\/p>\n[\/vc_column_text][mk_padding_divider size=\u00bb30&#8243;][\/vc_column_inner][\/vc_row_inner][vc_single_image image=\u00bb622&#8243; img_size=\u00bbfull\u00bb][\/vc_column][\/vc_row]","protected":false},"excerpt":{"rendered":"<p>[vc_row animation=\u00bbbottom-to-top\u00bb css=\u00bb.vc_custom_1452158192859{padding-top: 140px !important;padding-bottom: 10px !important;padding-left: 5px !important;background-image: url(http:\/\/demos.artbees.net\/jupiter5\/helike\/wp-content\/uploads\/sites\/72\/2015\/11\/about-us-bg.jpg?id=270) !important;background-position: center !important;background-repeat: no-repeat !important;background-size: cover !important;}\u00bb][vc_column][mk_title_box color=\u00bb#420101&#8243; highlight_color=\u00bb#ffffff\u00bb highlight_opacity=\u00bb1&#8243; size=\u00bb60&#8243; font_weight=\u00bb300&#8243; letter_spacing=\u00bb2&#8243; font_family=\u00bbnone\u00bb animation=\u00bbbottom-to-top\u00bb]Broker[\/mk_title_box][\/vc_column][\/vc_row][vc_row][vc_column][mk_padding_divider size=\u00bb55&#8243;][mk_divider style=\u00bbthin_solid\u00bb divider_width=\u00bbcustom_width\u00bb custom_width=\u00bb34&#8243; align=\u00bbleft\u00bb thin_single_color=\u00bb#096eae\u00bb thickness=\u00bb4&#8243; margin_top=\u00bb0&#8243;][vc_column_text]Llincorp es una firma privada establecida en Florida, Estado Unidos, dedicada a la gesti\u00f3n y asesoramiento de la comercializaci\u00f3n de activos industriales no [&hellip;]<\/p>\n","protected":false},"author":1,"featured_media":0,"parent":0,"menu_order":0,"comment_status":"closed","ping_status":"closed","template":"","meta":{"footnotes":""},"class_list":["post-79","page","type-page","status-publish","hentry"],"_links":{"self":[{"href":"https:\/\/llincorp.com\/es\/wp-json\/wp\/v2\/pages\/79","targetHints":{"allow":["GET"]}}],"collection":[{"href":"https:\/\/llincorp.com\/es\/wp-json\/wp\/v2\/pages"}],"about":[{"href":"https:\/\/llincorp.com\/es\/wp-json\/wp\/v2\/types\/page"}],"author":[{"embeddable":true,"href":"https:\/\/llincorp.com\/es\/wp-json\/wp\/v2\/users\/1"}],"replies":[{"embeddable":true,"href":"https:\/\/llincorp.com\/es\/wp-json\/wp\/v2\/comments?post=79"}],"version-history":[{"count":30,"href":"https:\/\/llincorp.com\/es\/wp-json\/wp\/v2\/pages\/79\/revisions"}],"predecessor-version":[{"id":625,"href":"https:\/\/llincorp.com\/es\/wp-json\/wp\/v2\/pages\/79\/revisions\/625"}],"wp:attachment":[{"href":"https:\/\/llincorp.com\/es\/wp-json\/wp\/v2\/media?parent=79"}],"curies":[{"name":"wp","href":"https:\/\/api.w.org\/{rel}","templated":true}]}}